{"id":994,"date":"2014-12-02T11:23:34","date_gmt":"2014-12-02T10:23:34","guid":{"rendered":"http:\/\/www.neverending.eu\/?page_id=994"},"modified":"2022-08-15T22:33:39","modified_gmt":"2022-08-15T20:33:39","slug":"conttato","status":"publish","type":"page","link":"https:\/\/www.autopujcovnapraha.cz\/it\/conttato\/","title":{"rendered":"CONTTATO"},"content":{"rendered":"<p>[et_pb_section fb_built=&#8221;1&#8243; _builder_version=&#8221;4.16&#8243; global_colors_info=&#8221;{}&#8221;][et_pb_row _builder_version=&#8221;4.16&#8243; background_size=&#8221;initial&#8221; background_position=&#8221;top_left&#8221; background_repeat=&#8221;repeat&#8221; global_colors_info=&#8221;{}&#8221;][et_pb_column type=&#8221;4_4&#8243; _builder_version=&#8221;4.16&#8243; custom_padding=&#8221;|||&#8221; global_colors_info=&#8221;{}&#8221; custom_padding__hover=&#8221;|||&#8221;][et_pb_text _builder_version=&#8221;4.16&#8243; background_size=&#8221;initial&#8221; background_position=&#8221;top_left&#8221; background_repeat=&#8221;repeat&#8221; global_colors_info=&#8221;{}&#8221;]<\/p>\n<h2><\/h2>\n<table class=\"table\">\n<tbody>\n<tr>\n<th valign=\"top\">Address:<\/th>\n<td><strong>ASAP Rent car, s.r.o.<\/strong><br \/>\nModletice 75<br \/>\np.Dob\u0159ejovice<br \/>\n25101 \u0158\u00ed\u010dany<\/p>\n<p><strong><br \/>\nPraga <span id=\"result_box\" class=\"short_text\" lang=\"es\"><span class=\"hps\" title=\"Kliknut\u00edm zobraz\u00edte alternativn\u00ed p\u0159eklady\">Centro, Praga Aeropuerto<\/span><\/span><\/strong><br \/>\n8:00 &#8211; 21:00<\/td>\n<\/tr>\n<tr>\n<th>I\u010cO:<\/th>\n<td>26723301<\/td>\n<\/tr>\n<tr>\n<th>DI\u010c:<\/th>\n<td>CZ 26723301<\/td>\n<\/tr>\n<tr>\n<th valign=\"top\">Tel:<\/th>\n<td>+420 602 307 836 (czech, english)<br \/>\n+420 602 307 835 (czech, english)<br \/>\n+420 602 307 839 (czech, english)<br \/>\n+420 323 605 521 (czech, english)<\/td>\n<\/tr>\n<tr>\n<th valign=\"top\">Hot line:<\/th>\n<td>+420 602 307 836 or +420 602 307 835<\/td>\n<\/tr>\n<tr>\n<th>Fax:<\/th>\n<td>+420 323 605 521<\/td>\n<\/tr>\n<tr>\n<th>Email:<\/th>\n<td><a title=\"Kontakt ASAP\" href=\"mailto:asap@asap-rentcar.cz\">asap@asap-rentcar.cz<\/a><\/td>\n<\/tr>\n<tr>\n<th>WWW:<\/th>\n<td><a title=\"Autop\u016fj\u010dovna ASAP Rentcar\" href=\"http:\/\/www.asap-rentcar.cz\">www.asap-rentcar.cz<\/a><br \/>\n<a title=\"Autop\u016fj\u010dovna ASAP Rentcar\" href=\"https:\/\/www.autopujcovnapraha.cz\/\">www.autopujcovna-praha.cz<\/a><br \/>\n<a title=\"Autop\u016fj\u010dovna ASAP Rentcar\" href=\"https:\/\/www.autopujcovnapraha.cz\">www.praguerentacar.cz<\/a><br \/>\n<a title=\"Autop\u016fj\u010dovna ASAP Rentcar\" href=\"http:\/\/www.carrentalprague.cz\">www.carrentalprague.cz<\/a><\/td>\n<\/tr>\n<tr>\n<th>ICQ:<\/th>\n<td>359-690-431<\/td>\n<\/tr>\n<tr>\n<th>Skype:<\/th>\n<td>asap_rentcar<\/td>\n<\/tr>\n<\/tbody>\n<\/table>\n<p>&nbsp;<\/p>\n<h2>Transportation to the rent a car<\/h2>\n<p><strong>Travel by car from Downtown Prague:<\/strong><\/p>\n<p class=\"no-top\">5. kv\u011btna road \u2013 exit from the E50 road direction to &#8220;\u0158\u00ed\u010dany&#8221; &#8211; on traffic circle right on the &#8220;Jesenice&#8221; &#8211; after about 150 meters turn left on &#8220;Popovi\u010dky&#8221; &#8211; after about 1000 meters turn right on &#8220;Modletice&#8221; &#8211; 150 metres turn left to the area of the firm.<\/p>\n<p><strong>Travel by Public Transportation from Downtown Prague:<\/strong><\/p>\n<p class=\"no-top\">Metro Route C direction to &#8220;Haje&#8221; \u2013 &#8220;Opatov&#8221; Metro Stop Station \u2013 transfer to the Bus no. 363 \u2013 &#8220;Modletice rozc.&#8221; Bus Stop (left in front of the firm)<\/p>\n<p><strong>Travel by Public Transportation from Airport Vaclava Havla \/ Ruzyne (PRG):<\/strong><\/p>\n<p class=\"no-top\">Bus no. 119 direction to Dejvick\u00e1 \u2013 Dejvick\u00e1 Bus Stop \u2013 transfer to Metro Route A direction to Skalka \u2013 Muzeum Metro Stop Station \u2013 transfer to Metro Route C direction to H\u00e1je \u2013 &#8220;Opatov&#8221; Metro Stop Station \u2013 transfer to the Bus no. 363 \u2013 &#8220;Modletice rozc.&#8221; Bus Stop (left in front of the firm)<\/p>\n<p><iframe loading=\"lazy\" src=\"http:\/\/maps.google.com\/maps?f=q&amp;source=s_q&amp;hl=cs&amp;geocode=&amp;q=Modletice+75,+%C5%98%C3%AD%C4%8Dany+,+Czech+republic&amp;sll=37.509726,-95.712891&amp;sspn=31.068182,56.513672&amp;ie=UTF8&amp;ll=49.969675,14.596753&amp;spn=0.048428,0.123345&amp;output=embed\" width=\"100%\" height=\"350\" frameborder=\"0\" marginwidth=\"0\" marginheight=\"0\" scrolling=\"no\"><\/iframe><br \/>\n<small><a href=\"http:\/\/maps.google.com\/maps?f=q&amp;source=embed&amp;hl=cs&amp;geocode=&amp;q=Modletice+75,+%C5%98%C3%AD%C4%8Dany+,+Czech+republic&amp;sll=37.509726,-95.712891&amp;sspn=31.068182,56.513672&amp;ie=UTF8&amp;ll=49.969675,14.596753&amp;spn=0.048428,0.123345\">Large view<\/a><\/small>[\/et_pb_text][\/et_pb_column][\/et_pb_row][\/et_pb_section]<\/p>\n","protected":false},"excerpt":{"rendered":"<p>Address: ASAP Rent car, s.r.o. Modletice 75 p.Dob\u0159ejovice 25101 \u0158\u00ed\u010dany Praga Centro, Praga Aeropuerto 8:00 &#8211; 21:00 I\u010cO: 26723301 DI\u010c: CZ 26723301 Tel: +420 602 307 836 (czech, english) +420 602 307 835 (czech, english) +420 602 307 839 (czech, english) +420 323 605 521 (czech, english) Hot line: +420 602 307 836 or +420 [&hellip;]<\/p>\n","protected":false},"author":1,"featured_media":0,"parent":0,"menu_order":0,"comment_status":"closed","ping_status":"closed","template":"","meta":{"_et_pb_use_builder":"on","_et_pb_old_content":"","_et_gb_content_width":"","footnotes":""},"class_list":["post-994","page","type-page","status-publish","hentry"],"_links":{"self":[{"href":"https:\/\/www.autopujcovnapraha.cz\/it\/wp-json\/wp\/v2\/pages\/994","targetHints":{"allow":["GET"]}}],"collection":[{"href":"https:\/\/www.autopujcovnapraha.cz\/it\/wp-json\/wp\/v2\/pages"}],"about":[{"href":"https:\/\/www.autopujcovnapraha.cz\/it\/wp-json\/wp\/v2\/types\/page"}],"author":[{"embeddable":true,"href":"https:\/\/www.autopujcovnapraha.cz\/it\/wp-json\/wp\/v2\/users\/1"}],"replies":[{"embeddable":true,"href":"https:\/\/www.autopujcovnapraha.cz\/it\/wp-json\/wp\/v2\/comments?post=994"}],"version-history":[{"count":3,"href":"https:\/\/www.autopujcovnapraha.cz\/it\/wp-json\/wp\/v2\/pages\/994\/revisions"}],"predecessor-version":[{"id":4450,"href":"https:\/\/www.autopujcovnapraha.cz\/it\/wp-json\/wp\/v2\/pages\/994\/revisions\/4450"}],"wp:attachment":[{"href":"https:\/\/www.autopujcovnapraha.cz\/it\/wp-json\/wp\/v2\/media?parent=994"}],"curies":[{"name":"wp","href":"https:\/\/api.w.org\/{rel}","templated":true}]}}