{"id":949,"date":"2014-11-25T20:56:43","date_gmt":"2014-11-25T19:56:43","guid":{"rendered":"http:\/\/www.neverending.eu\/?page_id=949"},"modified":"2022-08-29T17:38:20","modified_gmt":"2022-08-29T15:38:20","slug":"contact","status":"publish","type":"page","link":"https:\/\/www.autopujcovnapraha.cz\/en\/contact\/","title":{"rendered":"CONTACT"},"content":{"rendered":"<p>[et_pb_section fb_built=&#8221;1&#8243; _builder_version=&#8221;4.16&#8243; global_colors_info=&#8221;{}&#8221;][et_pb_row _builder_version=&#8221;4.16&#8243; background_size=&#8221;initial&#8221; background_position=&#8221;top_left&#8221; background_repeat=&#8221;repeat&#8221; custom_margin=&#8221;-26px|auto||auto||&#8221; global_colors_info=&#8221;{}&#8221;][et_pb_column type=&#8221;4_4&#8243; _builder_version=&#8221;4.16&#8243; custom_padding=&#8221;|||&#8221; global_colors_info=&#8221;{}&#8221; custom_padding__hover=&#8221;|||&#8221;][et_pb_text _builder_version=&#8221;4.17.6&#8243; background_size=&#8221;initial&#8221; background_position=&#8221;top_left&#8221; background_repeat=&#8221;repeat&#8221; inline_fonts=&#8221;Teko,Asap&#8221; global_colors_info=&#8221;{}&#8221;]<\/p>\n<h1><span style=\"font-family: Teko; font-weight: normal;\">Contact rent a car: ASAP Rent car, s.r.o.<\/span><\/h1>\n<p class=\"\\&quot;no-top\\&quot;\">\n<p>[\/et_pb_text][\/et_pb_column][\/et_pb_row][et_pb_row column_structure=&#8221;1_3,1_3,1_3&#8243; _builder_version=&#8221;4.16&#8243; background_size=&#8221;initial&#8221; background_position=&#8221;top_left&#8221; background_repeat=&#8221;repeat&#8221; custom_margin=&#8221;-26px|auto||auto||&#8221; global_colors_info=&#8221;{}&#8221;][et_pb_column type=&#8221;1_3&#8243; _builder_version=&#8221;4.16&#8243; custom_padding=&#8221;|||&#8221; global_colors_info=&#8221;{}&#8221; custom_padding__hover=&#8221;|||&#8221;][et_pb_text _builder_version=&#8221;4.17.6&#8243; background_size=&#8221;initial&#8221; background_position=&#8221;top_left&#8221; background_repeat=&#8221;repeat&#8221; custom_padding=&#8221;20px|20px|20px|20px|false|false&#8221; box_shadow_style=&#8221;preset1&#8243; inline_fonts=&#8221;Teko,Asap&#8221; global_colors_info=&#8221;{}&#8221;]<\/p>\n<p><strong><span style=\"color: #ff0000; font-family: Asap; font-size: medium;\">Address:<\/span><\/strong><\/p>\n<p><span style=\"font-family: Asap; font-weight: normal; font-size: medium;\"><strong>Prague center<\/strong> &#8211; delivery and collection at your hotel is <strong>free <\/strong><\/span><\/p>\n<p><span style=\"font-family: Asap; font-weight: normal; font-size: medium;\">Mo \u2013 Su: 8:00 \u2013 20:00<\/span><br \/><span style=\"font-family: Asap; font-weight: normal; font-size: medium;\">From 20:00 till 8:00\u00a0 extra fee for outside office hours<\/span><\/p>\n<p><span style=\"font-family: Asap; font-weight: normal; font-size: medium;\"><strong>Airport <\/strong><strong><strong>V\u00e1clava Havla \/ Ruzyn\u011b<\/strong> (PRG): <\/strong><\/span><br \/><span style=\"font-family: Asap; font-weight: normal; font-size: medium;\">Mo \u2013 Su: 8:00 \u2013 20:00<\/span><br \/><span style=\"font-family: Asap; font-weight: normal; font-size: medium;\">From 20:00 till 8:00\u00a0 extra fee for outside office hours<\/span><\/p>\n<p><span style=\"font-family: Asap; font-weight: normal; font-size: medium;\"><strong>ASAP Rent car, s.r.o.<\/strong><\/span><br \/><span style=\"font-family: Asap; font-weight: normal; font-size: medium;\">Modletice 75, 25101 \u0158\u00ed\u010dany<\/span><br \/><span style=\"font-family: Asap; font-weight: normal; font-size: medium;\">I\u010cO: 26723301, DI\u010c: CZ26723301<\/span><\/p>\n<p class=\"\\&quot;no-top\\&quot;\">\n<p>[\/et_pb_text][\/et_pb_column][et_pb_column type=&#8221;1_3&#8243; _builder_version=&#8221;4.16&#8243; custom_padding=&#8221;|||&#8221; global_colors_info=&#8221;{}&#8221; custom_padding__hover=&#8221;|||&#8221;][et_pb_text _builder_version=&#8221;4.18.0&#8243; background_size=&#8221;initial&#8221; background_position=&#8221;top_left&#8221; background_repeat=&#8221;repeat&#8221; custom_padding=&#8221;20px|20px|20px|20px|false|false&#8221; hover_enabled=&#8221;0&#8243; box_shadow_style=&#8221;preset1&#8243; inline_fonts=&#8221;Teko,Asap&#8221; global_colors_info=&#8221;{}&#8221; sticky_enabled=&#8221;0&#8243;]<\/p>\n<p><span style=\"font-family: Asap; font-weight: normal; font-size: medium;\"><strong><span style=\"color: #ff0000;\">Tel:<\/span><\/strong><\/span><\/p>\n<p><span style=\"font-family: Asap; font-weight: normal; font-size: medium;\">+420 602 307 836 (czech, english)<\/span><br \/><span style=\"font-family: Asap; font-weight: normal; font-size: medium;\">+420 602 307 835 (czech, english)<\/span><br \/><span style=\"font-family: Asap; font-weight: normal; font-size: medium;\">+420 602 307 839 (czech, english)<\/span><br \/><span style=\"font-family: Asap; font-weight: normal; font-size: medium;\">+420 323 605 521 (czech, english)<\/span><\/p>\n<p><span style=\"font-family: Asap; font-weight: normal; font-size: medium;\">\u00a0<\/span><\/p>\n<p><span style=\"font-family: Asap; font-weight: normal; font-size: medium;\"><strong><span style=\"color: #ff0000;\">Hot line:<\/span><\/strong><\/span><\/p>\n<p><span style=\"font-family: Asap; font-weight: normal; font-size: medium;\">+420 602 307 836 <\/span><\/p>\n<p><span style=\"font-family: Asap; font-weight: normal; font-size: medium;\">\u00a0\u00a0\u00a0\u00a0\u00a0\u00a0\u00a0\u00a0\u00a0\u00a0\u00a0\u00a0 or <\/span><\/p>\n<p><span style=\"font-family: Asap; font-weight: normal; font-size: medium;\">+420 602 307 835<\/span><\/p>\n<p><span style=\"font-family: Asap; font-weight: normal; font-size: medium;\">\u00a0<\/span><\/p>\n<p class=\"\\&quot;no-top\\&quot;\">\n<p>[\/et_pb_text][\/et_pb_column][et_pb_column type=&#8221;1_3&#8243; _builder_version=&#8221;4.16&#8243; custom_padding=&#8221;|||&#8221; global_colors_info=&#8221;{}&#8221; custom_padding__hover=&#8221;|||&#8221;][et_pb_text _builder_version=&#8221;4.18.0&#8243; background_size=&#8221;initial&#8221; background_position=&#8221;top_left&#8221; background_repeat=&#8221;repeat&#8221; custom_padding=&#8221;20px|20px|20px|20px|false|false&#8221; hover_enabled=&#8221;0&#8243; box_shadow_style=&#8221;preset1&#8243; inline_fonts=&#8221;Teko,Asap&#8221; global_colors_info=&#8221;{}&#8221; sticky_enabled=&#8221;0&#8243;]<\/p>\n<p><span style=\"font-family: Asap; font-weight: normal; font-size: medium;\"><strong><span style=\"color: #ff0000;\">E-mail:<\/span><\/strong><\/span><\/p>\n<p><span style=\"font-family: Asap; font-weight: normal; font-size: medium;\"><a title=\"\\&quot;Kontakt\" href=\"https:\/\/www.autopujcovnapraha.cz\/%5C%22mailto:asap@asap-rentcar.cz%5C%22\">asap@asap-rentcar.cz<\/a><\/span><\/p>\n<p><span style=\"font-family: Asap; font-weight: normal; font-size: medium;\">\u00a0<\/span><\/p>\n<p><span style=\"font-family: Asap; font-weight: normal; font-size: medium;\"><strong><span style=\"color: #ff0000;\">WWW:<\/span><\/strong><\/span><\/p>\n<p><span style=\"font-family: Asap; font-weight: normal; font-size: medium;\"><a title=\"Autop\u016fj\u010dovna\" href=\"https:\/\/www.autopujcovna-praha.cz\">www.autopujcovna-praha.cz<\/a><\/span><br \/><span style=\"font-family: Asap; font-weight: normal; font-size: medium;\"><a title=\"Autop\u016fj\u010dovna\" href=\"https:\/\/www.praguerentacar.cz\">www.praguerentacar.cz<\/a><\/span><br \/><span style=\"font-family: Asap; font-weight: normal; font-size: medium;\"><a title=\"Autop\u016fj\u010dovna\" href=\"https:\/\/www.carrentalprague.cz\">www.carrentalprague.cz<\/a><\/span><\/p>\n<p><span style=\"font-family: Asap; font-weight: normal; font-size: medium;\">\u00a0<\/span><\/p>\n<p><span style=\"color: #ff0000; font-family: Asap; font-weight: normal; font-size: medium;\">Skype:<\/span><\/p>\n<p><span style=\"font-family: Asap; font-weight: normal; font-size: medium;\">asap_rentcar<\/span><\/p>\n<p class=\"\\&quot;no-top\\&quot;\">[\/et_pb_text][\/et_pb_column][\/et_pb_row][et_pb_row _builder_version=&#8221;4.16&#8243; background_size=&#8221;initial&#8221; background_position=&#8221;top_left&#8221; background_repeat=&#8221;repeat&#8221; custom_margin=&#8221;-26px|auto||auto||&#8221; custom_padding=&#8221;62px|||||&#8221; global_colors_info=&#8221;{}&#8221;][et_pb_column type=&#8221;4_4&#8243; _builder_version=&#8221;4.16&#8243; custom_padding=&#8221;|||&#8221; global_colors_info=&#8221;{}&#8221; custom_padding__hover=&#8221;|||&#8221;][et_pb_text _builder_version=&#8221;4.17.6&#8243; text_font=&#8221;Asap||||||||&#8221; text_font_size=&#8221;15px&#8221; background_size=&#8221;initial&#8221; background_position=&#8221;top_left&#8221; background_repeat=&#8221;repeat&#8221; inline_fonts=&#8221;Teko,Asap&#8221; global_colors_info=&#8221;{}&#8221;]<\/p>\n<h3><span style=\"font-family: Asap;\"><\/span><span style=\"font-family: Asap;\"><\/span><span style=\"font-family: Asap;\">Transportation to the rent a car &#8211; <span style=\"color: #ff0000;\">delivery free in Prague<\/span><\/span><\/h3>\n<p><span style=\"font-family: Asap;\"><strong><\/strong><\/span><\/p>\n<p><span style=\"font-family: Asap;\"><strong>Travel by car from Downtown Prague:<\/strong><\/span><\/p>\n<p class=\"\\&quot;no-top\\&quot;\"><span style=\"font-family: Asap;\">5. kv\u011btna road \u2013 exit from the E50 road direction to &#8220;\u0158\u00ed\u010dany&#8221; &#8211; on traffic circle right on the &#8220;Jesenice&#8221; &#8211; after about 150 meters turn left on &#8220;Popovi\u010dky&#8221; &#8211; after about 1000 meters turn right on &#8220;Modletice&#8221; &#8211; 150 metres turn left to the area of the firm.<\/span><\/p>\n<p><span style=\"font-family: Asap;\"><strong>Travel by Public Transportation from Downtown Prague:<\/strong><\/span><\/p>\n<p class=\"\\&quot;no-top\\&quot;\"><span style=\"font-family: Asap;\">Metro Route C direction to &#8220;Haje&#8221; \u2013 &#8220;Opatov&#8221; Metro Stop Station \u2013 transfer to the Bus no. 363 \u2013 &#8220;Modletice rozc.&#8221; Bus Stop (left in front of the firm)<\/span><\/p>\n<p><span style=\"font-family: Asap;\"><strong>Travel by Public Transportation from Airport Vaclava Havla \/ Ruzyne (PRG):<\/strong><\/span><\/p>\n<p class=\"\\&quot;no-top\\&quot;\"><span style=\"font-family: Asap;\">Bus no. 119 direction to Dejvick\u00e1 \u2013 Dejvick\u00e1 Bus Stop \u2013 transfer to Metro Route A direction to Skalka \u2013 Muzeum Metro Stop Station \u2013 transfer to Metro Route C direction to H\u00e1je \u2013 &#8220;Opatov&#8221; Metro Stop Station \u2013 transfer to the Bus no. 363 \u2013 &#8220;Modletice rozc.&#8221; Bus Stop (left in front of the firm)<\/span><\/p>\n<p>[\/et_pb_text][\/et_pb_column][\/et_pb_row][\/et_pb_section][et_pb_section fb_built=&#8221;1&#8243; make_equal=&#8221;on&#8221; use_custom_gutter=&#8221;on&#8221; gutter_width=&#8221;1&#8243; specialty=&#8221;on&#8221; next_background_color=&#8221;#ffffff&#8221; background_color_2=&#8221;#c10f1b&#8221; padding_top_1=&#8221;150px&#8221; padding_top_2=&#8221;150px&#8221; padding_right_1=&#8221;60px&#8221; padding_right_2=&#8221;10%&#8221; padding_bottom_1=&#8221;150px&#8221; padding_bottom_2=&#8221;150px&#8221; padding_left_1=&#8221;10%&#8221; padding_left_2=&#8221;60px&#8221; padding_top_bottom_link_1=&#8221;true&#8221; padding_top_bottom_link_2=&#8221;true&#8221; padding_1_tablet=&#8221;|0%||0%||true&#8221; padding_2_tablet=&#8221;40px|10%|100px|10%||true&#8221; padding_1_phone=&#8221;&#8221; padding_2_phone=&#8221;&#8221; padding_1_last_edited=&#8221;on|desktop&#8221; padding_2_last_edited=&#8221;on|desktop&#8221; admin_label=&#8221;Footer&#8221; module_class=&#8221; et_pb_specialty_fullwidth&#8221; _builder_version=&#8221;4.16&#8243; _module_preset=&#8221;default&#8221; use_background_color_gradient=&#8221;on&#8221; background_color_gradient_stops=&#8221;rgba(24,30,36,0.9) 0%|rgba(213,26,39,0.69) 100%&#8221; background_color_gradient_overlays_image=&#8221;on&#8221; background_color_gradient_start=&#8221;rgba(24,30,36,0.9)&#8221; background_color_gradient_end=&#8221;rgba(213,26,39,0.69)&#8221; background_image=&#8221;http:\/\/www.autopujcovnapraha.cz\/wp-content\/uploads\/2022\/05\/car-dealer-34.jpg&#8221; inner_width=&#8221;100%&#8221; inner_width_tablet=&#8221;100%&#8221; inner_width_phone=&#8221;100%&#8221; inner_width_last_edited=&#8221;on|desktop&#8221; inner_max_width=&#8221;100%&#8221; inner_max_width_tablet=&#8221;100%&#8221; inner_max_width_phone=&#8221;100%&#8221; inner_max_width_last_edited=&#8221;on|desktop&#8221; custom_padding=&#8221;0px||0px||true&#8221; bottom_divider_style=&#8221;arrow&#8221; bottom_divider_arrangement=&#8221;above_content&#8221; animation_style=&#8221;slide&#8221; animation_direction=&#8221;bottom&#8221; animation_intensity_slide=&#8221;4%&#8221; animation_starting_opacity=&#8221;100%&#8221; box_shadow_style=&#8221;preset7&#8243; box_shadow_horizontal=&#8221;0px&#8221; box_shadow_vertical=&#8221;80px&#8221; box_shadow_color=&#8221;#ffffff&#8221; make_fullwidth=&#8221;on&#8221; global_module=&#8221;4262&#8243; saved_tabs=&#8221;all&#8221; global_colors_info=&#8221;{}&#8221;][et_pb_column type=&#8221;1_2&#8243; specialty_columns=&#8221;2&#8243; _builder_version=&#8221;4.16&#8243; _module_preset=&#8221;default&#8221; custom_padding=&#8221;|||&#8221; global_colors_info=&#8221;{}&#8221; padding_tablet=&#8221;|0%||0%||true&#8221; padding_last_edited=&#8221;on|desktop&#8221; custom_padding__hover=&#8221;|||&#8221; padding_phone=&#8221;|0%||0%||true&#8221;][et_pb_row_inner _builder_version=&#8221;4.16&#8243; _module_preset=&#8221;default&#8221; custom_padding=&#8221;0|0px|0|0px|true|false&#8221; global_colors_info=&#8221;{}&#8221;][et_pb_column_inner saved_specialty_column_type=&#8221;1_2&#8243; _builder_version=&#8221;4.16&#8243; _module_preset=&#8221;default&#8221; custom_padding=&#8221;|||&#8221; global_colors_info=&#8221;{}&#8221; custom_padding__hover=&#8221;|||&#8221;][et_pb_text _builder_version=&#8221;4.16&#8243; _module_preset=&#8221;default&#8221; text_font=&#8221;Lato||||||||&#8221; text_font_size=&#8221;22px&#8221; text_line_height=&#8221;1.8em&#8221; header_font=&#8221;||||||||&#8221; header_2_font=&#8221;Teko||||||||&#8221; header_2_font_size=&#8221;96px&#8221; background_layout=&#8221;dark&#8221; custom_margin=&#8221;|||&#8221; header_2_font_size_tablet=&#8221;66px&#8221; header_2_font_size_phone=&#8221;36px&#8221; header_2_font_size_last_edited=&#8221;on|phone&#8221; locked=&#8221;off&#8221; global_colors_info=&#8221;{}&#8221;]<\/p>\n<h2>Get In Touch<\/h2>\n<p>[\/et_pb_text][et_pb_text _builder_version=&#8221;4.16&#8243; _module_preset=&#8221;default&#8221; text_font=&#8221;Teko|500|||||||&#8221; text_font_size=&#8221;40px&#8221; text_line_height=&#8221;2em&#8221; background_layout=&#8221;dark&#8221; custom_margin=&#8221;|||&#8221; locked=&#8221;off&#8221; global_colors_info=&#8221;{}&#8221;]<\/p>\n<p>+420 602 307 836<\/p>\n<p>[\/et_pb_text][\/et_pb_column_inner][\/et_pb_row_inner][et_pb_row_inner column_structure=&#8221;1_2,1_2&#8243; use_custom_gutter=&#8221;on&#8221; gutter_width=&#8221;2&#8243; _builder_version=&#8221;4.16&#8243; _module_preset=&#8221;default&#8221; global_colors_info=&#8221;{}&#8221;][et_pb_column_inner type=&#8221;1_2&#8243; saved_specialty_column_type=&#8221;1_2&#8243; _builder_version=&#8221;4.16&#8243; _module_preset=&#8221;default&#8221; custom_padding=&#8221;|||&#8221; global_colors_info=&#8221;{}&#8221; custom_padding__hover=&#8221;|||&#8221;][et_pb_text _builder_version=&#8221;4.17.6&#8243; _module_preset=&#8221;default&#8221; text_font=&#8221;Lato||||||||&#8221; text_font_size=&#8221;18px&#8221; text_line_height=&#8221;1.8em&#8221; header_font=&#8221;||||||||&#8221; header_4_font=&#8221;Teko|500|||||||&#8221; header_4_font_size=&#8221;22px&#8221; background_layout=&#8221;dark&#8221; custom_margin=&#8221;|||&#8221; locked=&#8221;off&#8221; inline_fonts=&#8221;Asap&#8221; global_colors_info=&#8221;{}&#8221;]<\/p>\n<h4>Location<\/h4>\n<p><span style=\"font-family: Asap; font-weight: normal; font-size: medium;\"><strong>Prague center<\/strong> \u2013 delivery and collection at your hotel is <strong>free <\/strong><\/span><\/p>\n<p><span style=\"font-weight: normal; font-size: medium;\"><span style=\"font-family: Asap;\"><strong>Airport <\/strong><\/span><strong><span style=\"font-family: Asap;\">V\u00e1clava Havla \/ Ruzyn\u011b\u00a0<\/span> <\/strong><\/span><\/p>\n<p><span style=\"font-weight: normal; font-size: medium;\"><strong><span style=\"font-family: Asap;\"><\/span><\/strong><\/span><\/p>\n<p>[\/et_pb_text][et_pb_text _builder_version=&#8221;4.17.6&#8243; _module_preset=&#8221;default&#8221; text_font=&#8221;Lato||||||||&#8221; text_font_size=&#8221;18px&#8221; text_line_height=&#8221;1.8em&#8221; header_font=&#8221;||||||||&#8221; header_4_font=&#8221;Teko|500|||||||&#8221; header_4_font_size=&#8221;22px&#8221; background_layout=&#8221;dark&#8221; custom_margin=&#8221;|||&#8221; locked=&#8221;off&#8221; global_colors_info=&#8221;{}&#8221;]<\/p>\n<h4>E-mail<\/h4>\n<p><span style=\"font-family: Asap; font-weight: normal; font-size: medium;\">asap@asap-rentcar.cz<\/span><\/p>\n<p>[\/et_pb_text][\/et_pb_column_inner][et_pb_column_inner type=&#8221;1_2&#8243; saved_specialty_column_type=&#8221;1_2&#8243; _builder_version=&#8221;4.16&#8243; _module_preset=&#8221;default&#8221; custom_padding=&#8221;|||&#8221; global_colors_info=&#8221;{}&#8221; custom_padding__hover=&#8221;|||&#8221;][et_pb_text _builder_version=&#8221;4.16&#8243; _module_preset=&#8221;default&#8221; text_font=&#8221;Lato||||||||&#8221; text_font_size=&#8221;18px&#8221; text_line_height=&#8221;1.8em&#8221; header_font=&#8221;||||||||&#8221; header_4_font=&#8221;Teko|500|||||||&#8221; header_4_font_size=&#8221;22px&#8221; background_layout=&#8221;dark&#8221; custom_margin=&#8221;|||&#8221; locked=&#8221;off&#8221; inline_fonts=&#8221;Asap&#8221; global_colors_info=&#8221;{}&#8221;]<\/p>\n<h4>Open Hours<\/h4>\n<p><span style=\"font-family: Asap; font-weight: normal; font-size: medium;\">Mo \u2013 Su: 8:00 \u2013 20:00<\/span><br \/><span style=\"font-family: Asap; font-weight: normal; font-size: medium;\"><br \/>From 20:00 till 8:00 extra fee for outside office hours<\/span><strong><\/strong><\/p>\n<p>[\/et_pb_text][\/et_pb_column_inner][\/et_pb_row_inner][\/et_pb_column][et_pb_column type=&#8221;1_2&#8243; _builder_version=&#8221;4.16&#8243; _module_preset=&#8221;default&#8221; background_color=&#8221;#c10f1b&#8221; custom_padding=&#8221;|||&#8221; global_colors_info=&#8221;{}&#8221; padding_tablet=&#8221;40px|10%|100px|10%||true&#8221; padding_last_edited=&#8221;on|desktop&#8221; custom_padding__hover=&#8221;|||&#8221; padding_phone=&#8221;40px|10%|100px|10%||true&#8221;][et_pb_contact_form title=&#8221;Send A Message&#8221; submit_button_text=&#8221;Send Message&#8221; module_id=&#8221;et_pb_contact_form_0&#8243; _builder_version=&#8221;4.18.0&#8243; _module_preset=&#8221;default&#8221; form_field_background_color=&#8221;rgba(0,0,0,0.15)&#8221; form_field_text_color=&#8221;#ffffff&#8221; title_font=&#8221;Teko||||||||&#8221; title_text_color=&#8221;#ffffff&#8221; title_font_size=&#8221;40px&#8221; title_line_height=&#8221;1.2em&#8221; form_field_font=&#8221;Lato||||||||&#8221; form_field_font_size=&#8221;16px&#8221; custom_button=&#8221;on&#8221; button_text_color=&#8221;#c10f1b&#8221; button_bg_color=&#8221;#ffffff&#8221; button_border_width=&#8221;8px&#8221; button_border_color=&#8221;#ffffff&#8221; button_border_radius=&#8221;0px&#8221; button_letter_spacing=&#8221;4px&#8221; button_font=&#8221;Teko|||on|||||&#8221; button_icon=&#8221;&#x24;||divi||400&#8243; hover_enabled=&#8221;0&#8243; form_background_color=&#8221;rgba(0,0,0,0.15)&#8221; locked=&#8221;off&#8221; global_colors_info=&#8221;{}&#8221; use_spam_service=&#8221;on&#8221; recaptcha_list=&#8221;Default-0&#8243; sticky_enabled=&#8221;0&#8243;][et_pb_contact_field field_id=&#8221;Name&#8221; field_title=&#8221;Name&#8221; fullwidth_field=&#8221;on&#8221; _builder_version=&#8221;4.16&#8243; _module_preset=&#8221;default&#8221; global_colors_info=&#8221;{}&#8221; button_text_size__hover_enabled=&#8221;off&#8221; button_one_text_size__hover_enabled=&#8221;off&#8221; button_two_text_size__hover_enabled=&#8221;off&#8221; button_text_color__hover_enabled=&#8221;off&#8221; button_one_text_color__hover_enabled=&#8221;off&#8221; button_two_text_color__hover_enabled=&#8221;off&#8221; button_border_width__hover_enabled=&#8221;off&#8221; button_one_border_width__hover_enabled=&#8221;off&#8221; button_two_border_width__hover_enabled=&#8221;off&#8221; button_border_color__hover_enabled=&#8221;off&#8221; button_one_border_color__hover_enabled=&#8221;off&#8221; button_two_border_color__hover_enabled=&#8221;off&#8221; button_border_radius__hover_enabled=&#8221;off&#8221; button_one_border_radius__hover_enabled=&#8221;off&#8221; button_two_border_radius__hover_enabled=&#8221;off&#8221; button_letter_spacing__hover_enabled=&#8221;off&#8221; button_one_letter_spacing__hover_enabled=&#8221;off&#8221; button_two_letter_spacing__hover_enabled=&#8221;off&#8221; button_bg_color__hover_enabled=&#8221;off&#8221; button_one_bg_color__hover_enabled=&#8221;off&#8221; button_two_bg_color__hover_enabled=&#8221;off&#8221;][\/et_pb_contact_field][et_pb_contact_field field_id=&#8221;Email&#8221; field_title=&#8221;E-mail Address&#8221; field_type=&#8221;email&#8221; fullwidth_field=&#8221;on&#8221; _builder_version=&#8221;4.17.6&#8243; _module_preset=&#8221;default&#8221; global_colors_info=&#8221;{}&#8221; button_text_size__hover_enabled=&#8221;off&#8221; button_one_text_size__hover_enabled=&#8221;off&#8221; button_two_text_size__hover_enabled=&#8221;off&#8221; button_text_color__hover_enabled=&#8221;off&#8221; button_one_text_color__hover_enabled=&#8221;off&#8221; button_two_text_color__hover_enabled=&#8221;off&#8221; button_border_width__hover_enabled=&#8221;off&#8221; button_one_border_width__hover_enabled=&#8221;off&#8221; button_two_border_width__hover_enabled=&#8221;off&#8221; button_border_color__hover_enabled=&#8221;off&#8221; button_one_border_color__hover_enabled=&#8221;off&#8221; button_two_border_color__hover_enabled=&#8221;off&#8221; button_border_radius__hover_enabled=&#8221;off&#8221; button_one_border_radius__hover_enabled=&#8221;off&#8221; button_two_border_radius__hover_enabled=&#8221;off&#8221; button_letter_spacing__hover_enabled=&#8221;off&#8221; button_one_letter_spacing__hover_enabled=&#8221;off&#8221; button_two_letter_spacing__hover_enabled=&#8221;off&#8221; button_bg_color__hover_enabled=&#8221;off&#8221; button_one_bg_color__hover_enabled=&#8221;off&#8221; button_two_bg_color__hover_enabled=&#8221;off&#8221;][\/et_pb_contact_field][et_pb_contact_field field_id=&#8221;Mobile&#8221; field_title=&#8221;Mobile Phone&#8221; required_mark=&#8221;off&#8221; fullwidth_field=&#8221;on&#8221; _builder_version=&#8221;4.17.6&#8243; _module_preset=&#8221;default&#8221; global_colors_info=&#8221;{}&#8221; button_text_size__hover_enabled=&#8221;off&#8221; button_one_text_size__hover_enabled=&#8221;off&#8221; button_two_text_size__hover_enabled=&#8221;off&#8221; button_text_color__hover_enabled=&#8221;off&#8221; button_one_text_color__hover_enabled=&#8221;off&#8221; button_two_text_color__hover_enabled=&#8221;off&#8221; button_border_width__hover_enabled=&#8221;off&#8221; button_one_border_width__hover_enabled=&#8221;off&#8221; button_two_border_width__hover_enabled=&#8221;off&#8221; button_border_color__hover_enabled=&#8221;off&#8221; button_one_border_color__hover_enabled=&#8221;off&#8221; button_two_border_color__hover_enabled=&#8221;off&#8221; button_border_radius__hover_enabled=&#8221;off&#8221; button_one_border_radius__hover_enabled=&#8221;off&#8221; button_two_border_radius__hover_enabled=&#8221;off&#8221; button_letter_spacing__hover_enabled=&#8221;off&#8221; button_one_letter_spacing__hover_enabled=&#8221;off&#8221; button_two_letter_spacing__hover_enabled=&#8221;off&#8221; button_bg_color__hover_enabled=&#8221;off&#8221; button_one_bg_color__hover_enabled=&#8221;off&#8221; button_two_bg_color__hover_enabled=&#8221;off&#8221;][\/et_pb_contact_field][et_pb_contact_field field_id=&#8221;Message&#8221; field_title=&#8221;Message&#8221; field_type=&#8221;text&#8221; fullwidth_field=&#8221;on&#8221; _builder_version=&#8221;4.16&#8243; _module_preset=&#8221;default&#8221; global_colors_info=&#8221;{}&#8221; button_text_size__hover_enabled=&#8221;off&#8221; button_one_text_size__hover_enabled=&#8221;off&#8221; button_two_text_size__hover_enabled=&#8221;off&#8221; button_text_color__hover_enabled=&#8221;off&#8221; button_one_text_color__hover_enabled=&#8221;off&#8221; button_two_text_color__hover_enabled=&#8221;off&#8221; button_border_width__hover_enabled=&#8221;off&#8221; button_one_border_width__hover_enabled=&#8221;off&#8221; button_two_border_width__hover_enabled=&#8221;off&#8221; button_border_color__hover_enabled=&#8221;off&#8221; button_one_border_color__hover_enabled=&#8221;off&#8221; button_two_border_color__hover_enabled=&#8221;off&#8221; button_border_radius__hover_enabled=&#8221;off&#8221; button_one_border_radius__hover_enabled=&#8221;off&#8221; button_two_border_radius__hover_enabled=&#8221;off&#8221; button_letter_spacing__hover_enabled=&#8221;off&#8221; button_one_letter_spacing__hover_enabled=&#8221;off&#8221; button_two_letter_spacing__hover_enabled=&#8221;off&#8221; button_bg_color__hover_enabled=&#8221;off&#8221; button_one_bg_color__hover_enabled=&#8221;off&#8221; button_two_bg_color__hover_enabled=&#8221;off&#8221;][\/et_pb_contact_field][\/et_pb_contact_form][\/et_pb_column][\/et_pb_section]<\/p>\n","protected":false},"excerpt":{"rendered":"<p>Contact rent a car: ASAP Rent car, s.r.o. Address: Prague center &#8211; delivery and collection at your hotel is free Mo \u2013 Su: 8:00 \u2013 20:00From 20:00 till 8:00\u00a0 extra fee for outside office hours Airport V\u00e1clava Havla \/ Ruzyn\u011b (PRG): Mo \u2013 Su: 8:00 \u2013 20:00From 20:00 till 8:00\u00a0 extra fee for outside office [&hellip;]<\/p>\n","protected":false},"author":1,"featured_media":0,"parent":0,"menu_order":0,"comment_status":"closed","ping_status":"closed","template":"","meta":{"_et_pb_use_builder":"on","_et_pb_old_content":"","_et_gb_content_width":"1003","footnotes":""},"class_list":["post-949","page","type-page","status-publish","hentry"],"_links":{"self":[{"href":"https:\/\/www.autopujcovnapraha.cz\/en\/wp-json\/wp\/v2\/pages\/949","targetHints":{"allow":["GET"]}}],"collection":[{"href":"https:\/\/www.autopujcovnapraha.cz\/en\/wp-json\/wp\/v2\/pages"}],"about":[{"href":"https:\/\/www.autopujcovnapraha.cz\/en\/wp-json\/wp\/v2\/types\/page"}],"author":[{"embeddable":true,"href":"https:\/\/www.autopujcovnapraha.cz\/en\/wp-json\/wp\/v2\/users\/1"}],"replies":[{"embeddable":true,"href":"https:\/\/www.autopujcovnapraha.cz\/en\/wp-json\/wp\/v2\/comments?post=949"}],"version-history":[{"count":22,"href":"https:\/\/www.autopujcovnapraha.cz\/en\/wp-json\/wp\/v2\/pages\/949\/revisions"}],"predecessor-version":[{"id":4508,"href":"https:\/\/www.autopujcovnapraha.cz\/en\/wp-json\/wp\/v2\/pages\/949\/revisions\/4508"}],"wp:attachment":[{"href":"https:\/\/www.autopujcovnapraha.cz\/en\/wp-json\/wp\/v2\/media?parent=949"}],"curies":[{"name":"wp","href":"https:\/\/api.w.org\/{rel}","templated":true}]}}