{"id":991,"date":"2014-12-02T11:21:42","date_gmt":"2014-12-02T10:21:42","guid":{"rendered":"http:\/\/www.neverending.eu\/?page_id=991"},"modified":"2022-08-15T21:08:51","modified_gmt":"2022-08-15T19:08:51","slug":"kontakt-3","status":"publish","type":"page","link":"https:\/\/www.autopujcovnapraha.cz\/de\/kontakt-3\/","title":{"rendered":"KONTAKT"},"content":{"rendered":"<p>[et_pb_section fb_built=&#8220;1&#8243; _builder_version=&#8220;4.16&#8243; global_colors_info=&#8220;{}&#8220;][et_pb_row _builder_version=&#8220;4.16&#8243; background_size=&#8220;initial&#8220; background_position=&#8220;top_left&#8220; background_repeat=&#8220;repeat&#8220; global_colors_info=&#8220;{}&#8220;][et_pb_column type=&#8220;4_4&#8243; _builder_version=&#8220;4.16&#8243; custom_padding=&#8220;|||&#8220; global_colors_info=&#8220;{}&#8220; custom_padding__hover=&#8220;|||&#8220;][et_pb_text _builder_version=&#8220;4.16&#8243; background_size=&#8220;initial&#8220; background_position=&#8220;top_left&#8220; background_repeat=&#8220;repeat&#8220; global_colors_info=&#8220;{}&#8220;]<\/p>\n<h2><\/h2>\n<table class=\"table\">\n<tbody>\n<tr>\n<th valign=\"top\">Adresse:<\/th>\n<td>\n<p><strong>ASAP Rent car, s.r.o.<\/strong><br \/>Modletice 75<br \/>p.Dob\u0159ejovice<br \/>25101 \u0158\u00ed\u010dany<\/p>\n<p><span style=\"color: #e02b20;\"><strong><span class=\"VIiyi\" jsaction=\"mouseup:BR6jm\" jsname=\"jqKxS\" style=\"font-size: x-large;\" lang=\"de\"><span jsaction=\"agoMJf:PFBcW;usxOmf:aWLT7;jhKsnd:P7O7bd,F8DmGf;Q4AGo:Gm7gYd,qAKMYb;uFUCPb:pvnm0e,pfE8Hb,PFBcW;f56efd:dJXsye;EnoYf:KNzws,ZJsZZ,JgVSJc;zdMJQc:cCQNKb,ZJsZZ,zchEXc;Ytrrj:JJDvdc;tNR8yc:GeFvjb;oFN6Ye:hij5Wb;bmeZHc:iURhpf;Oxj3Xe:qAKMYb,yaf12d\" jsname=\"txFAF\" class=\"JLqJ4b ChMk0b\" data-language-for-alternatives=\"de\" data-language-to-translate-into=\"cs\" data-phrase-index=\"0\" data-number-of-phrases=\"1\" jscontroller=\"Zl5N8\" jsdata=\"uqLsIf;_;$1683\" jsmodel=\"SsMkhd\"><span class=\"Q4iAWc\" jsaction=\"click:qtZ4nf,GFf3ac,tMZCfe; contextmenu:Nqw7Te,QP7LD; mouseout:Nqw7Te; mouseover:qtZ4nf,c2aHje\" jsname=\"W297wb\">Kostenlose Lieferung innerhalb von Prag<\/span><\/span><\/span><\/strong><\/span><\/p>\n<\/td>\n<\/tr>\n<tr>\n<th>I\u010cO:<\/th>\n<td>26723301<\/td>\n<\/tr>\n<tr>\n<th>DI\u010c:<\/th>\n<td>CZ 26723301<\/td>\n<\/tr>\n<tr>\n<th>\u00d6ffnungszeit:<\/th>\n<td>\n<p><strong>Prag Zentrum <\/strong>oder <strong>Prag Flughafen<\/strong><\/p>\n<p>Montag-Sonntag 8.00 \u2013 21.00 -In Abstimmung mit uns Abfahrt oder Abholung auch nach \u00d6ffnungszeit<\/p>\n<p>&nbsp;<\/p>\n<\/td>\n<\/tr>\n<tr>\n<th valign=\"top\">Tel:<\/th>\n<td>+420 602 307 836 (czech, english)<br \/>+420 602 307 835 (czech, english)<br \/>+420 602 307 839 (czech, english)<br \/>+420 323 605 521 (czech, english)<\/td>\n<\/tr>\n<tr>\n<th valign=\"top\">Im Notfall:<\/th>\n<td>+420 602 307 836 or +420 602 307 835<\/td>\n<\/tr>\n<tr>\n<th>Fax:<\/th>\n<td>+420 323 605 521<\/td>\n<\/tr>\n<tr>\n<th>Email:<\/th>\n<td><a title=\"Kontakt ASAP\" href=\"mailto:asap@asap-rentcar.cz\">asap@asap-rentcar.cz<\/a><\/td>\n<\/tr>\n<tr>\n<th>WWW:<\/th>\n<td><a title=\"Autop\u016fj\u010dovna ASAP Rentcar\" href=\"http:\/\/www.asap-rentcar.cz\">www.asap-rentcar.cz<\/a><br \/><a title=\"Autop\u016fj\u010dovna ASAP Rentcar\" href=\"https:\/\/www.autopujcovnapraha.cz\/\">www.autopujcovna-praha.cz<\/a><br \/><a title=\"Autop\u016fj\u010dovna ASAP Rentcar\" href=\"https:\/\/www.autopujcovnapraha.cz\/\">www.praguerentacar.cz<\/a><br \/><a title=\"Autop\u016fj\u010dovna ASAP Rentcar\" href=\"http:\/\/www.carrentalprague.cz\">www.carrentalprague.cz<\/a><\/td>\n<\/tr>\n<tr>\n<th>ICQ:<\/th>\n<td>359-690-431<\/td>\n<\/tr>\n<tr>\n<th>Skype:<\/th>\n<td>asap_rentcar<\/td>\n<\/tr>\n<\/tbody>\n<\/table>\n<p>&nbsp;<\/p>\n<h2>Wie k\u00f6nnen Sie uns finden<\/h2>\n<p>Auf der Autobahn von Prag nach der Richtung \u201eJesenice\u201c abbiegen und nach dem Kreisel 150m gerade aus und dann nach links \u201ePopovi\u010dky\u201c, weiter die Vorrangstrasse 1,5 km bis zu der Kreuzung \u201ev\u201c und nach rechts an Modletice abbiegen und auf der linke Seite werden sie schon das Areal sehen.<\/p>\n<p>Aus &#8222;Jesenice&#8220; &#8211; bieggen Sie nach der Richtung \u0158\u00ed\u010dany ab &#8211; etwa 5 km gerade, bis zur Rechtsabfahrt &#8222;Modletice&#8220;, dann 600 m gerade und auf der Kreuzung &#8222;T&#8220;, bigen Sie nach links ab. Nach 200 m ist die Einfahrt in das Areal &#8222;Autop\u016fj\u010dovna, Autod\u00edly Modletice&#8220;.<\/p>\n<p><strong>Mit Bus:<\/strong><\/p>\n<p class=\"no-top\">Von der Haltestelle am metro \u201eOpatov\u201c fahren Sie mit Bus n\u00b0. 363 bis die Haltestelle \u201eModletice rozcest\u00ed\u201c (Areal ist gegen die Haltestelle).<\/p>\n<p>Oder von\u201eOpatov\u201c fahren Sie mit Bus n\u00b0. 328 und auf der Haltestellea &#8222;\u010cestlice&#8220; (Hypernova) steigen Sie in der Bus n\u00b0. 363 um und fahren bis \u201eModletice rozcest\u00ed\u201c (Areal ist gegen die Haltestelle).<\/p>\n<p>Oder si k\u00f6nnen fahren mit bus n\u00b0. 328 bis \u201eModletice &#8211; V h\u016frce\u201c und dort in der Bus n\u00b0. 428 umsteigen und an \u201eModletice rozcest\u00ed\u201c austeigen.<br \/><iframe loading=\"lazy\" src=\"http:\/\/maps.google.com\/maps?f=q&amp;source=s_q&amp;hl=cs&amp;geocode=&amp;q=Modletice+75,+%C5%98%C3%AD%C4%8Dany+,+Czech+republic&amp;sll=37.509726,-95.712891&amp;sspn=31.068182,56.513672&amp;ie=UTF8&amp;ll=49.969675,14.596753&amp;spn=0.048428,0.123345&amp;output=embed\" marginwidth=\"0\" marginheight=\"0\" scrolling=\"no\" width=\"100%\" height=\"350\" frameborder=\"0\"><\/iframe><br \/><small><a href=\"http:\/\/maps.google.com\/maps?f=q&amp;source=embed&amp;hl=cs&amp;geocode=&amp;q=Modletice+75,+%C5%98%C3%AD%C4%8Dany+,+Czech+republic&amp;sll=37.509726,-95.712891&amp;sspn=31.068182,56.513672&amp;ie=UTF8&amp;ll=49.969675,14.596753&amp;spn=0.048428,0.123345\">Large view<\/a><\/small><\/p>\n<p>[\/et_pb_text][\/et_pb_column][\/et_pb_row][\/et_pb_section]<\/p>\n","protected":false},"excerpt":{"rendered":"<p>Adresse: ASAP Rent car, s.r.o.Modletice 75p.Dob\u0159ejovice25101 \u0158\u00ed\u010dany Kostenlose Lieferung innerhalb von Prag I\u010cO: 26723301 DI\u010c: CZ 26723301 \u00d6ffnungszeit: Prag Zentrum oder Prag Flughafen Montag-Sonntag 8.00 \u2013 21.00 -In Abstimmung mit uns Abfahrt oder Abholung auch nach \u00d6ffnungszeit &nbsp; Tel: +420 602 307 836 (czech, english)+420 602 307 835 (czech, english)+420 602 307 839 (czech, english)+420 [&hellip;]<\/p>\n","protected":false},"author":1,"featured_media":0,"parent":0,"menu_order":0,"comment_status":"closed","ping_status":"closed","template":"","meta":{"_et_pb_use_builder":"on","_et_pb_old_content":"","_et_gb_content_width":"","footnotes":""},"class_list":["post-991","page","type-page","status-publish","hentry"],"_links":{"self":[{"href":"https:\/\/www.autopujcovnapraha.cz\/de\/wp-json\/wp\/v2\/pages\/991","targetHints":{"allow":["GET"]}}],"collection":[{"href":"https:\/\/www.autopujcovnapraha.cz\/de\/wp-json\/wp\/v2\/pages"}],"about":[{"href":"https:\/\/www.autopujcovnapraha.cz\/de\/wp-json\/wp\/v2\/types\/page"}],"author":[{"embeddable":true,"href":"https:\/\/www.autopujcovnapraha.cz\/de\/wp-json\/wp\/v2\/users\/1"}],"replies":[{"embeddable":true,"href":"https:\/\/www.autopujcovnapraha.cz\/de\/wp-json\/wp\/v2\/comments?post=991"}],"version-history":[{"count":3,"href":"https:\/\/www.autopujcovnapraha.cz\/de\/wp-json\/wp\/v2\/pages\/991\/revisions"}],"predecessor-version":[{"id":4417,"href":"https:\/\/www.autopujcovnapraha.cz\/de\/wp-json\/wp\/v2\/pages\/991\/revisions\/4417"}],"wp:attachment":[{"href":"https:\/\/www.autopujcovnapraha.cz\/de\/wp-json\/wp\/v2\/media?parent=991"}],"curies":[{"name":"wp","href":"https:\/\/api.w.org\/{rel}","templated":true}]}}