{"id":1004,"date":"2014-12-02T12:03:20","date_gmt":"2014-12-02T11:03:20","guid":{"rendered":"http:\/\/www.neverending.eu\/?page_id=1004"},"modified":"2022-08-15T22:06:16","modified_gmt":"2022-08-15T20:06:16","slug":"preisliste","status":"publish","type":"page","link":"https:\/\/www.autopujcovnapraha.cz\/de\/preisliste\/","title":{"rendered":"PREISLISTE"},"content":{"rendered":"<p>[et_pb_section fb_built=&#8220;1&#8243; _builder_version=&#8220;4.16&#8243; global_colors_info=&#8220;{}&#8220;][et_pb_row _builder_version=&#8220;4.16&#8243; background_size=&#8220;initial&#8220; background_position=&#8220;top_left&#8220; background_repeat=&#8220;repeat&#8220; global_colors_info=&#8220;{}&#8220; custom_margin=&#8220;-11px|auto||auto||&#8220;][et_pb_column type=&#8220;4_4&#8243; _builder_version=&#8220;4.16&#8243; custom_padding=&#8220;|||&#8220; global_colors_info=&#8220;{}&#8220; custom_padding__hover=&#8220;|||&#8220;][et_pb_text _builder_version=&#8220;4.16&#8243; background_size=&#8220;initial&#8220; background_position=&#8220;top_left&#8220; background_repeat=&#8220;repeat&#8220; inline_fonts=&#8220;Asap,Teko&#8220; global_colors_info=&#8220;{}&#8220;]<\/p>\n<h1 style=\"text-align: center;\"><span style=\"font-family: Teko; font-weight: normal; font-size: xx-large;\">Preisliste<\/span><\/h1>\n<p>&nbsp;<\/p>\n<p><span style=\"font-family: Asap; font-weight: normal; font-size: medium;\">Wir danken Ihnen, f\u00fcr die Auswahl Ihres Mietwagens unseren Autoverleih gew\u00e4hlt zu haben. Sie k\u00f6nnen einen Tarif aussuchen, der Ihnen am meisten zusagen wird.<\/span><\/p>\n<p><span style=\"font-family: Asap; font-weight: normal; font-size: medium;\">Die kurzfristige Vermietung bezieht sich auf eine Vermietungsdauer von weniger als einen Monat. Wollen Sie das Auto mindestens f\u00fcr einen Monat beibehalten, ist f\u00fcr Sie die langfristige Vermietung Preisliste bestimmt. Vergessen Sie nicht zu lesen, welche Vorteile sich f\u00fcr Sie aus dieser Vermietungsart ergeben.<\/span><\/p>\n<p><span style=\"font-family: Asap; font-weight: normal; font-size: medium;\">Wir danken Ihnen und werden uns auf Sie freuen.<\/span>\u00a0<\/p>\n<p>&nbsp;<\/p>\n<p>&nbsp;<\/p>\n<style>\r\n    @media only screen and (max-width: 600px) {\r\n        .vypis-table td:nth-of-type(1):before { content: \"Gruppe\"; margin-top:5px; }\r\n        .vypis-table td:nth-of-type(2):before { content: \"Art des Autos\"; margin-top:5px; }\r\n        .vypis-table td:nth-of-type(3):before { content: \"T\u00fcren\"; margin-top:5px; }\r\n        .vypis-table td:nth-of-type(4):before { \r\n        content: \"\"; \r\n        background: url(\"https:\/\/www.autopujcovnapraha.cz\/wp-content\/plugins\/autopujcovna-main\/includes\/shortcodes\/assets\/img\/logo_prevodovka.PNG\"); \r\n        position: absolute; \r\n        z-index: 100000; \r\n        left: 18%; \r\n        height: 30px; \r\n        width: 30px; \r\n        background-size: cover; \r\n    }\r\n        .vypis-table td:nth-of-type(5):before { \r\n        content: \"\"; \r\n        background: url(\"https:\/\/www.autopujcovnapraha.cz\/wp-content\/plugins\/autopujcovna-main\/includes\/shortcodes\/assets\/img\/logo_ac.PNG\"); \r\n        position: absolute; \r\n        z-index: 100000; \r\n        left: 18%; \r\n        height: 30px; \r\n        width: 30px; \r\n        background-size: cover; \r\n    }\r\n        .vypis-table td:nth-of-type(6):before { \r\n        content: \"\"; \r\n        background: url(\"https:\/\/www.autopujcovnapraha.cz\/wp-content\/plugins\/autopujcovna-main\/includes\/shortcodes\/assets\/img\/logo_lidi.PNG\"); \r\n        position: absolute; \r\n        z-index: 100000; \r\n        left: 18%; \r\n        height: 30px; \r\n        width: 30px; \r\n        background-size: cover; \r\n    }\r\n        .vypis-table td:nth-of-type(7):before,\r\n        .vypis-table td:nth-of-type(8):before { content: \"1-2 Tag\"; }\r\n        .vypis-table td:nth-of-type(9):before,\r\n        .vypis-table td:nth-of-type(10):before { content: \"3-6 Tag\"; }\r\n        .vypis-table td:nth-of-type(11):before,\r\n        .vypis-table td:nth-of-type(12):before { content: \"7-30 Tag\"; }\r\n        .vypis-table td:nth-of-type(13):before,\r\n        .vypis-table td:nth-of-type(14):before { content: \"31+ Monat\"; }\r\n    }\r\n<\/style><div id=\"cenik\">\r\n            <div class=\"cenik-ovladac\">\r\n                <div class=\"cenik-leva\">\r\n                    <div class=\"cenik-nadpis ovl-li\" attr=\"sks\">PREISE MIT MWST<\/div>\r\n                <\/div>\r\n                <div class=\"cenik-prava\">\r\n                    <div class=\"cenik-nadpis ovl-li\" attr=\"bks\">PREISE OHNE MWST<\/div>\r\n                <\/div>\r\n            <\/div>\r\n            <div id=\"vypis\">\r\n                <div class=\"vypis-nadpis sks \">PREISE MIT MWST<\/div>\r\n                <div class=\"vypis-nadpis bks\">PREISE OHNE MWST<\/div>\r\n            <\/div><table class=\"vypis-table sks skb bks bkb sds sdb bds bdb\" role=\"table\" id=\"scrollto\"><thead role=\"rowgroup\"><tr style=\"height:0px;\" role=\"row\"><th rowspan=\"2\" role=\"columnheader\">Gruppe<\/th><th rowspan=\"2\" role=\"columnheader\">Art des Autos<\/th><th rowspan=\"2\" role=\"columnheader\">T\u00fcren<\/th><th rowspan=\"2\" role=\"columnheader\"><img decoding=\"async\" src=\"https:\/\/www.autopujcovnapraha.cz\/wp-content\/plugins\/autopujcovna-main\/includes\/shortcodes\/assets\/img\/logo_prevodovka.png\" title=\"p\u0159evodovka\"\/><\/th><th rowspan=\"2\" role=\"columnheader\"><img decoding=\"async\" src=\"https:\/\/www.autopujcovnapraha.cz\/wp-content\/plugins\/autopujcovna-main\/includes\/shortcodes\/assets\/img\/logo_ac.png\" title=\"klimatizace\"\/><\/th><th rowspan=\"2\" role=\"columnheader\"><img decoding=\"async\" src=\"https:\/\/www.autopujcovnapraha.cz\/wp-content\/plugins\/autopujcovna-main\/includes\/shortcodes\/assets\/img\/logo_lidi.png\" title=\"Po\u010det osob\"\/><\/th><th colspan=\"4\" class=\"sks skb bks bkb\" role=\"columnheader\">Preis in CZK pro Tag<\/th><th colspan=\"4\" class=\"sds sdb bds bdb\" role=\"columnheader\">Preis in CZK pro Monat<\/th><th rowspan=\"2\" role=\"columnheader\"><\/th><\/tr><tr style=\"border:none;height:0px;\" role=\"row\" role=\"columnheader\"><th class=\"sks bks\">1-2<\/th><th class=\"sks bks\">3-6<\/th><th class=\"sks bks\">7-30<\/th><th class=\"sks bks\">31+<\/th><\/tr><\/thead><tbody role=\"rowgroup\"><tr role=\"row\"><td>Economy<\/td><td role=\"cell\">\u0160koda Citigo<\/td><td role=\"cell\">3<\/td><td role=\"cell\">manuell<\/td><td role=\"cell\">Nein<\/td><td role=\"cell\">4<\/td><td role=\"cell\" class=\"sks\">908<\/td><td role=\"cell\" class=\"bks\">750<\/td><td role=\"cell\" class=\"sks\">847<\/td><td role=\"cell\" class=\"bks\">700<\/td><td role=\"cell\" class=\"sks\">726<\/td><td role=\"cell\" class=\"bks\">600<\/td><td role=\"cell\" class=\"sks\">13915<\/td><td role=\"cell\" class=\"bks\">11500<\/td><td role=\"cell\"><a class=\"tlac-rez\" href=\"https:\/\/www.autopujcovnapraha.cz\/de\/rezervace\/?car=5164\">Reservierung<\/a><\/td><\/tr><tr role=\"row\"><td>Economy<\/td><td role=\"cell\">\u0160koda Fabia<\/td><td role=\"cell\">4<\/td><td role=\"cell\">manuell<\/td><td role=\"cell\">Ja<\/td><td role=\"cell\">5<\/td><td role=\"cell\" class=\"sks\">1089<\/td><td role=\"cell\" class=\"bks\">900<\/td><td role=\"cell\" class=\"sks\">1029<\/td><td role=\"cell\" class=\"bks\">850<\/td><td role=\"cell\" class=\"sks\">968<\/td><td role=\"cell\" class=\"bks\">800<\/td><td role=\"cell\" class=\"sks\">16940<\/td><td role=\"cell\" class=\"bks\">14000<\/td><td role=\"cell\"><a class=\"tlac-rez\" href=\"https:\/\/www.autopujcovnapraha.cz\/de\/rezervace\/?car=5181\">Reservierung<\/a><\/td><\/tr><tr role=\"row\"><td>Standard<\/td><td role=\"cell\">Renault Clio automat<\/td><td role=\"cell\">3<\/td><td role=\"cell\">automatik<\/td><td role=\"cell\">Ja<\/td><td role=\"cell\">5<\/td><td role=\"cell\" class=\"sks\">1089<\/td><td role=\"cell\" class=\"bks\">900<\/td><td role=\"cell\" class=\"sks\">1029<\/td><td role=\"cell\" class=\"bks\">850<\/td><td role=\"cell\" class=\"sks\">968<\/td><td role=\"cell\" class=\"bks\">800<\/td><td role=\"cell\" class=\"sks\">16940<\/td><td role=\"cell\" class=\"bks\">14000<\/td><td role=\"cell\"><a class=\"tlac-rez\" href=\"https:\/\/www.autopujcovnapraha.cz\/de\/rezervace\/?car=5198\">Reservierung<\/a><\/td><\/tr><tr role=\"row\"><td>Economy<\/td><td role=\"cell\">\u0160koda Fabia combi<\/td><td role=\"cell\">5<\/td><td role=\"cell\">manuell<\/td><td role=\"cell\">Ja<\/td><td role=\"cell\">5<\/td><td role=\"cell\" class=\"sks\">1089<\/td><td role=\"cell\" class=\"bks\">900<\/td><td role=\"cell\" class=\"sks\">1029<\/td><td role=\"cell\" class=\"bks\">850<\/td><td role=\"cell\" class=\"sks\">968<\/td><td role=\"cell\" class=\"bks\">800<\/td><td role=\"cell\" class=\"sks\">18150<\/td><td role=\"cell\" class=\"bks\">15000<\/td><td role=\"cell\"><a class=\"tlac-rez\" href=\"https:\/\/www.autopujcovnapraha.cz\/de\/rezervace\/?car=5215\">Reservierung<\/a><\/td><\/tr><tr role=\"row\"><td>Standard<\/td><td role=\"cell\">Hyundai i30 combi<\/td><td role=\"cell\">5<\/td><td role=\"cell\">manuell<\/td><td role=\"cell\">Ja<\/td><td role=\"cell\">5<\/td><td role=\"cell\" class=\"sks\">1271<\/td><td role=\"cell\" class=\"bks\">1050<\/td><td role=\"cell\" class=\"sks\">1150<\/td><td role=\"cell\" class=\"bks\">950<\/td><td role=\"cell\" class=\"sks\">1029<\/td><td role=\"cell\" class=\"bks\">850<\/td><td role=\"cell\" class=\"sks\">21780<\/td><td role=\"cell\" class=\"bks\">18000<\/td><td role=\"cell\"><a class=\"tlac-rez\" href=\"https:\/\/www.autopujcovnapraha.cz\/de\/rezervace\/?car=5224\">Reservierung<\/a><\/td><\/tr><tr role=\"row\"><td>Standard<\/td><td role=\"cell\">Renault Megan combi automat<\/td><td role=\"cell\">5<\/td><td role=\"cell\">automatik<\/td><td role=\"cell\">Ja<\/td><td role=\"cell\">5<\/td><td role=\"cell\" class=\"sks\">1271<\/td><td role=\"cell\" class=\"bks\">1050<\/td><td role=\"cell\" class=\"sks\">1150<\/td><td role=\"cell\" class=\"bks\">950<\/td><td role=\"cell\" class=\"sks\">1029<\/td><td role=\"cell\" class=\"bks\">850<\/td><td role=\"cell\" class=\"sks\">21780<\/td><td role=\"cell\" class=\"bks\">18000<\/td><td role=\"cell\"><a class=\"tlac-rez\" href=\"https:\/\/www.autopujcovnapraha.cz\/de\/rezervace\/?car=5233\">Reservierung<\/a><\/td><\/tr><tr role=\"row\"><td>Standard<\/td><td role=\"cell\">Renault Megan combi<\/td><td role=\"cell\">5<\/td><td role=\"cell\">manuell<\/td><td role=\"cell\">Ja<\/td><td role=\"cell\">5<\/td><td role=\"cell\" class=\"sks\">1271<\/td><td role=\"cell\" class=\"bks\">1050<\/td><td role=\"cell\" class=\"sks\">1150<\/td><td role=\"cell\" class=\"bks\">950<\/td><td role=\"cell\" class=\"sks\">1029<\/td><td role=\"cell\" class=\"bks\">850<\/td><td role=\"cell\" class=\"sks\">21780<\/td><td role=\"cell\" class=\"bks\">18000<\/td><td role=\"cell\"><a class=\"tlac-rez\" href=\"https:\/\/www.autopujcovnapraha.cz\/de\/rezervace\/?car=5242\">Reservierung<\/a><\/td><\/tr><tr role=\"row\"><td>Business<\/td><td role=\"cell\">Opel Astra combi<\/td><td role=\"cell\">5<\/td><td role=\"cell\">manuell<\/td><td role=\"cell\">Ja<\/td><td role=\"cell\">5<\/td><td role=\"cell\" class=\"sks\">1331<\/td><td role=\"cell\" class=\"bks\">1100<\/td><td role=\"cell\" class=\"sks\">1210<\/td><td role=\"cell\" class=\"bks\">1000<\/td><td role=\"cell\" class=\"sks\">1150<\/td><td role=\"cell\" class=\"bks\">950<\/td><td role=\"cell\" class=\"sks\">24200<\/td><td role=\"cell\" class=\"bks\">20000<\/td><td role=\"cell\"><a class=\"tlac-rez\" href=\"https:\/\/www.autopujcovnapraha.cz\/de\/rezervace\/?car=5251\">Reservierung<\/a><\/td><\/tr><tr role=\"row\"><td>Business<\/td><td role=\"cell\">\u0160koda Octavia combi<\/td><td role=\"cell\">5<\/td><td role=\"cell\">manuell<\/td><td role=\"cell\">Ja<\/td><td role=\"cell\">5<\/td><td role=\"cell\" class=\"sks\">1331<\/td><td role=\"cell\" class=\"bks\">1100<\/td><td role=\"cell\" class=\"sks\">1210<\/td><td role=\"cell\" class=\"bks\">1000<\/td><td role=\"cell\" class=\"sks\">1150<\/td><td role=\"cell\" class=\"bks\">950<\/td><td role=\"cell\" class=\"sks\">25410<\/td><td role=\"cell\" class=\"bks\">21000<\/td><td role=\"cell\"><a class=\"tlac-rez\" href=\"https:\/\/www.autopujcovnapraha.cz\/de\/rezervace\/?car=5268\">Reservierung<\/a><\/td><\/tr><tr role=\"row\"><td>Business<\/td><td role=\"cell\">Toyota Avensis combi<\/td><td role=\"cell\">5<\/td><td role=\"cell\">manuell<\/td><td role=\"cell\">Ja<\/td><td role=\"cell\">5<\/td><td role=\"cell\" class=\"sks\">1331<\/td><td role=\"cell\" class=\"bks\">1100<\/td><td role=\"cell\" class=\"sks\">1271<\/td><td role=\"cell\" class=\"bks\">1050<\/td><td role=\"cell\" class=\"sks\">1150<\/td><td role=\"cell\" class=\"bks\">950<\/td><td role=\"cell\" class=\"sks\">25410<\/td><td role=\"cell\" class=\"bks\">21000<\/td><td role=\"cell\"><a class=\"tlac-rez\" href=\"https:\/\/www.autopujcovnapraha.cz\/de\/rezervace\/?car=5277\">Reservierung<\/a><\/td><\/tr><tr role=\"row\"><td>Standard<\/td><td role=\"cell\">Toyota Auris Hybrid<\/td><td role=\"cell\">5<\/td><td role=\"cell\">automatik<\/td><td role=\"cell\">Ja<\/td><td role=\"cell\">5<\/td><td role=\"cell\" class=\"sks\">1392<\/td><td role=\"cell\" class=\"bks\">1150<\/td><td role=\"cell\" class=\"sks\">1331<\/td><td role=\"cell\" class=\"bks\">1100<\/td><td role=\"cell\" class=\"sks\">1271<\/td><td role=\"cell\" class=\"bks\">1050<\/td><td role=\"cell\" class=\"sks\">26620<\/td><td role=\"cell\" class=\"bks\">22000<\/td><td role=\"cell\"><a class=\"tlac-rez\" href=\"https:\/\/www.autopujcovnapraha.cz\/de\/rezervace\/?car=5286\">Reservierung<\/a><\/td><\/tr><tr role=\"row\"><td>Standard<\/td><td role=\"cell\">Toyota Corolla Hybrid combi<\/td><td role=\"cell\">5<\/td><td role=\"cell\">automatik<\/td><td role=\"cell\">Ja<\/td><td role=\"cell\">5<\/td><td role=\"cell\" class=\"sks\">1392<\/td><td role=\"cell\" class=\"bks\">1150<\/td><td role=\"cell\" class=\"sks\">1331<\/td><td role=\"cell\" class=\"bks\">1100<\/td><td role=\"cell\" class=\"sks\">1271<\/td><td role=\"cell\" class=\"bks\">1050<\/td><td role=\"cell\" class=\"sks\">26620<\/td><td role=\"cell\" class=\"bks\">22000<\/td><td role=\"cell\"><a class=\"tlac-rez\" href=\"https:\/\/www.autopujcovnapraha.cz\/de\/rezervace\/?car=5295\">Reservierung<\/a><\/td><\/tr><tr role=\"row\"><td>Standard<\/td><td role=\"cell\">\u0160koda Octavia combi automat<\/td><td role=\"cell\">5<\/td><td role=\"cell\">automatik<\/td><td role=\"cell\">Ja<\/td><td role=\"cell\">5<\/td><td role=\"cell\" class=\"sks\">1452<\/td><td role=\"cell\" class=\"bks\">1200<\/td><td role=\"cell\" class=\"sks\">1392<\/td><td role=\"cell\" class=\"bks\">1150<\/td><td role=\"cell\" class=\"sks\">1331<\/td><td role=\"cell\" class=\"bks\">1100<\/td><td role=\"cell\" class=\"sks\">29040<\/td><td role=\"cell\" class=\"bks\">24000<\/td><td role=\"cell\"><a class=\"tlac-rez\" href=\"https:\/\/www.autopujcovnapraha.cz\/de\/rezervace\/?car=5304\">Reservierung<\/a><\/td><\/tr><tr role=\"row\"><td>Standard<\/td><td role=\"cell\">\u0160koda Kodiaq, automat<\/td><td role=\"cell\">5<\/td><td role=\"cell\">automatik<\/td><td role=\"cell\">Ja<\/td><td role=\"cell\">7<\/td><td role=\"cell\" class=\"sks\">4235<\/td><td role=\"cell\" class=\"bks\">3500<\/td><td role=\"cell\" class=\"sks\">3993<\/td><td role=\"cell\" class=\"bks\">3300<\/td><td role=\"cell\" class=\"sks\">3751<\/td><td role=\"cell\" class=\"bks\">3100<\/td><td role=\"cell\" class=\"sks\">42350<\/td><td role=\"cell\" class=\"bks\">35000<\/td><td role=\"cell\"><a class=\"tlac-rez\" href=\"https:\/\/www.autopujcovnapraha.cz\/de\/rezervace\/?car=5313\">Reservierung<\/a><\/td><\/tr><tr role=\"row\"><td>Mehrsitzige<\/td><td role=\"cell\">Toyota Proace combi L &#8211; 9 m\u00edst, manual<\/td><td role=\"cell\">5<\/td><td role=\"cell\">manuell<\/td><td role=\"cell\">Ja<\/td><td role=\"cell\">9<\/td><td role=\"cell\" class=\"sks\">3025<\/td><td role=\"cell\" class=\"bks\">2500<\/td><td role=\"cell\" class=\"sks\">2844<\/td><td role=\"cell\" class=\"bks\">2350<\/td><td role=\"cell\" class=\"sks\">2541<\/td><td role=\"cell\" class=\"bks\">2100<\/td><td role=\"cell\" class=\"sks\">33880<\/td><td role=\"cell\" class=\"bks\">28000<\/td><td role=\"cell\"><a class=\"tlac-rez\" href=\"https:\/\/www.autopujcovnapraha.cz\/de\/rezervace\/?car=5330\">Reservierung<\/a><\/td><\/tr><tr role=\"row\"><td>Mehrsitzige<\/td><td role=\"cell\">Toyota Proace Verso L2 \u2013 9 m\u00edst, automat<\/td><td role=\"cell\">5<\/td><td role=\"cell\">automatik<\/td><td role=\"cell\">Ja<\/td><td role=\"cell\">9<\/td><td role=\"cell\" class=\"sks\">3025<\/td><td role=\"cell\" class=\"bks\">2500<\/td><td role=\"cell\" class=\"sks\">2844<\/td><td role=\"cell\" class=\"bks\">2350<\/td><td role=\"cell\" class=\"sks\">2541<\/td><td role=\"cell\" class=\"bks\">2100<\/td><td role=\"cell\" class=\"sks\">33880<\/td><td role=\"cell\" class=\"bks\">28000<\/td><td role=\"cell\"><a class=\"tlac-rez\" href=\"https:\/\/www.autopujcovnapraha.cz\/de\/rezervace\/?car=5339\">Reservierung<\/a><\/td><\/tr><tr role=\"row\"><td>Mehrsitzige<\/td><td role=\"cell\">Renault Master 7 m\u00edst<\/td><td role=\"cell\">5<\/td><td role=\"cell\">manuell<\/td><td role=\"cell\">Ja<\/td><td role=\"cell\">7<\/td><td role=\"cell\" class=\"sks\">3509<\/td><td role=\"cell\" class=\"bks\">2900<\/td><td role=\"cell\" class=\"sks\">3025<\/td><td role=\"cell\" class=\"bks\">2500<\/td><td role=\"cell\" class=\"sks\">2541<\/td><td role=\"cell\" class=\"bks\">2100<\/td><td role=\"cell\" class=\"sks\">38115<\/td><td role=\"cell\" class=\"bks\">31500<\/td><td role=\"cell\"><a class=\"tlac-rez\" href=\"https:\/\/www.autopujcovnapraha.cz\/de\/rezervace\/?car=5348\">Reservierung<\/a><\/td><\/tr><tr role=\"row\"><td>Nutzfahrzeuge<\/td><td role=\"cell\">Renault Kangoo<\/td><td role=\"cell\">3<\/td><td role=\"cell\">manuell<\/td><td role=\"cell\">Ja<\/td><td role=\"cell\">2<\/td><td role=\"cell\" class=\"sks\">1089<\/td><td role=\"cell\" class=\"bks\">900<\/td><td role=\"cell\" class=\"sks\">1029<\/td><td role=\"cell\" class=\"bks\">850<\/td><td role=\"cell\" class=\"sks\">968<\/td><td role=\"cell\" class=\"bks\">800<\/td><td role=\"cell\" class=\"sks\">21780<\/td><td role=\"cell\" class=\"bks\">18000<\/td><td role=\"cell\"><a class=\"tlac-rez\" href=\"https:\/\/www.autopujcovnapraha.cz\/de\/rezervace\/?car=5357\">Reservierung<\/a><\/td><\/tr><tr role=\"row\"><td>Nutzfahrzeuge<\/td><td role=\"cell\">Renault Kangoo Express<\/td><td role=\"cell\">3<\/td><td role=\"cell\">manuell<\/td><td role=\"cell\">Ja<\/td><td role=\"cell\">2<\/td><td role=\"cell\" class=\"sks\">1452<\/td><td role=\"cell\" class=\"bks\">1200<\/td><td role=\"cell\" class=\"sks\">1186<\/td><td role=\"cell\" class=\"bks\">980<\/td><td role=\"cell\" class=\"sks\">968<\/td><td role=\"cell\" class=\"bks\">800<\/td><td role=\"cell\" class=\"sks\">21780<\/td><td role=\"cell\" class=\"bks\">18000<\/td><td role=\"cell\"><a class=\"tlac-rez\" href=\"https:\/\/www.autopujcovnapraha.cz\/de\/rezervace\/?car=5374\">Reservierung<\/a><\/td><\/tr><tr role=\"row\"><td>Nutzfahrzeuge<\/td><td role=\"cell\">Renault Master L3H2P3<\/td><td role=\"cell\">3<\/td><td role=\"cell\">manuell<\/td><td role=\"cell\">Ja<\/td><td role=\"cell\">3<\/td><td role=\"cell\" class=\"sks\">2178<\/td><td role=\"cell\" class=\"bks\">1800<\/td><td role=\"cell\" class=\"sks\">2178<\/td><td role=\"cell\" class=\"bks\">1800<\/td><td role=\"cell\" class=\"sks\">1815<\/td><td role=\"cell\" class=\"bks\">1500<\/td><td role=\"cell\" class=\"sks\">32670<\/td><td role=\"cell\" class=\"bks\">27000<\/td><td role=\"cell\"><a class=\"tlac-rez\" href=\"https:\/\/www.autopujcovnapraha.cz\/de\/rezervace\/?car=5383\">Reservierung<\/a><\/td><\/tr><tr role=\"row\"><td>Standard<\/td><td role=\"cell\">\u0160koda Superb combi automat<\/td><td role=\"cell\">3<\/td><td role=\"cell\">automatik<\/td><td role=\"cell\">Ja<\/td><td role=\"cell\">3<\/td><td role=\"cell\" class=\"sks\">1876<\/td><td role=\"cell\" class=\"bks\">1550<\/td><td role=\"cell\" class=\"sks\">1755<\/td><td role=\"cell\" class=\"bks\">1450<\/td><td role=\"cell\" class=\"sks\">1573<\/td><td role=\"cell\" class=\"bks\">1300<\/td><td role=\"cell\" class=\"sks\">32670<\/td><td role=\"cell\" class=\"bks\">27000<\/td><td role=\"cell\"><a class=\"tlac-rez\" href=\"https:\/\/www.autopujcovnapraha.cz\/de\/rezervace\/?car=5392\">Reservierung<\/a><\/td><\/tr><\/tbody><\/table><\/div>\n<p>&nbsp;<\/p>\n<div class=\"head_text\">\n<h2><strong>Kaution<\/strong><\/h2>\n<\/div>\n<table style=\"height: 170px;\" width=\"695\" cellspacing=\"1\" cellpadding=\"01\" border=\"1\">\n<colgroup>\n<col width=\"152\" \/>\n<col width=\"116\" \/>\n<col width=\"64\" \/>\n<col width=\"90\" \/> <\/colgroup>\n<tbody>\n<tr>\n<td style=\"text-align: center;\" width=\"152\" height=\"26\"><\/td>\n<td style=\"text-align: center;\" width=\"116\"><strong>CZK<\/strong><\/td>\n<td style=\"text-align: center;\" width=\"64\"><strong>EUR<br \/><\/strong><\/td>\n<td style=\"text-align: center;\" width=\"90\"><strong>USD<\/strong><\/td>\n<\/tr>\n<tr>\n<td style=\"text-align: center;\" width=\"152\" height=\"26\"><strong>economy<\/strong><\/td>\n<td style=\"text-align: center;\">5000<\/td>\n<td style=\"text-align: center;\">200<\/td>\n<td style=\"text-align: center;\">250<\/td>\n<\/tr>\n<tr>\n<td style=\"text-align: center;\" width=\"152\" height=\"26\"><strong>standard<\/strong><\/td>\n<td style=\"text-align: center;\">10000<\/td>\n<td style=\"text-align: center;\">400<\/td>\n<td style=\"text-align: center;\">500<\/td>\n<\/tr>\n<tr>\n<td style=\"text-align: center;\" width=\"152\" height=\"26\"><strong>business<\/strong><\/td>\n<td style=\"text-align: center;\">10000<\/td>\n<td style=\"text-align: center;\">400<\/td>\n<td style=\"text-align: center;\">500<\/td>\n<\/tr>\n<tr>\n<td style=\"text-align: center;\" width=\"152\" height=\"26\"><strong>multiseats<\/strong><\/td>\n<td style=\"text-align: center;\">15000<\/td>\n<td style=\"text-align: center;\">600<\/td>\n<td style=\"text-align: center;\">750<\/td>\n<\/tr>\n<tr>\n<td style=\"text-align: center;\" width=\"152\" height=\"26\"><strong>u\u017eitkov\u00e9 \/ van<\/strong><\/td>\n<td style=\"text-align: center;\">10000 \u2013 15000<\/td>\n<td style=\"text-align: center;\">400 \u2013 600<\/td>\n<td style=\"text-align: center;\">500 \u2013 750<\/td>\n<\/tr>\n<\/tbody>\n<\/table>\n<p><strong>* <span class=\"VIiyi\" jsaction=\"mouseup:BR6jm\" jsname=\"jqKxS\" lang=\"de\"><span jsaction=\"agoMJf:PFBcW;usxOmf:aWLT7;jhKsnd:P7O7bd,F8DmGf;Q4AGo:Gm7gYd,qAKMYb;uFUCPb:pvnm0e,pfE8Hb,PFBcW;f56efd:dJXsye;EnoYf:KNzws,ZJsZZ,JgVSJc;zdMJQc:cCQNKb,ZJsZZ,zchEXc;Ytrrj:JJDvdc;tNR8yc:GeFvjb;oFN6Ye:hij5Wb;bmeZHc:iURhpf;Oxj3Xe:qAKMYb,yaf12d\" jsname=\"txFAF\" class=\"JLqJ4b ChMk0b\" data-language-for-alternatives=\"de\" data-language-to-translate-into=\"cs\" data-phrase-index=\"0\" data-number-of-phrases=\"1\" jscontroller=\"Zl5N8\" jsdata=\"uqLsIf;_;$1797\" jsmodel=\"SsMkhd\"><span class=\"Q4iAWc\" jsaction=\"click:qtZ4nf,GFf3ac,tMZCfe; contextmenu:Nqw7Te,QP7LD; mouseout:Nqw7Te; mouseover:qtZ4nf,c2aHje\" jsname=\"W297wb\">1 Tag = 24 Stunden<\/span><\/span><\/span><br \/><\/strong><\/p>\n<p>[\/et_pb_text][\/et_pb_column][\/et_pb_row][\/et_pb_section]<\/p>\n","protected":false},"excerpt":{"rendered":"<p>[et_pb_section fb_built=&#8220;1&#8243; _builder_version=&#8220;4.16&#8243; global_colors_info=&#8220;{}&#8220;][et_pb_row _builder_version=&#8220;4.16&#8243; background_size=&#8220;initial&#8220; background_position=&#8220;top_left&#8220; background_repeat=&#8220;repeat&#8220; global_colors_info=&#8220;{}&#8220; custom_margin=&#8220;-11px|auto||auto||&#8220;][et_pb_column type=&#8220;4_4&#8243; _builder_version=&#8220;4.16&#8243; custom_padding=&#8220;|||&#8220; global_colors_info=&#8220;{}&#8220; custom_padding__hover=&#8220;|||&#8220;][et_pb_text _builder_version=&#8220;4.16&#8243; background_size=&#8220;initial&#8220; background_position=&#8220;top_left&#8220; background_repeat=&#8220;repeat&#8220; inline_fonts=&#8220;Asap,Teko&#8220; global_colors_info=&#8220;{}&#8220;] Preisliste &nbsp; Wir danken Ihnen, f\u00fcr die Auswahl Ihres Mietwagens unseren Autoverleih gew\u00e4hlt zu haben. Sie k\u00f6nnen einen Tarif aussuchen, der Ihnen am meisten zusagen wird. Die kurzfristige Vermietung bezieht sich auf eine Vermietungsdauer [&hellip;]<\/p>\n","protected":false},"author":1,"featured_media":0,"parent":0,"menu_order":0,"comment_status":"closed","ping_status":"closed","template":"","meta":{"_et_pb_use_builder":"on","_et_pb_old_content":"","_et_gb_content_width":"","footnotes":""},"class_list":["post-1004","page","type-page","status-publish","hentry"],"_links":{"self":[{"href":"https:\/\/www.autopujcovnapraha.cz\/de\/wp-json\/wp\/v2\/pages\/1004","targetHints":{"allow":["GET"]}}],"collection":[{"href":"https:\/\/www.autopujcovnapraha.cz\/de\/wp-json\/wp\/v2\/pages"}],"about":[{"href":"https:\/\/www.autopujcovnapraha.cz\/de\/wp-json\/wp\/v2\/types\/page"}],"author":[{"embeddable":true,"href":"https:\/\/www.autopujcovnapraha.cz\/de\/wp-json\/wp\/v2\/users\/1"}],"replies":[{"embeddable":true,"href":"https:\/\/www.autopujcovnapraha.cz\/de\/wp-json\/wp\/v2\/comments?post=1004"}],"version-history":[{"count":7,"href":"https:\/\/www.autopujcovnapraha.cz\/de\/wp-json\/wp\/v2\/pages\/1004\/revisions"}],"predecessor-version":[{"id":4431,"href":"https:\/\/www.autopujcovnapraha.cz\/de\/wp-json\/wp\/v2\/pages\/1004\/revisions\/4431"}],"wp:attachment":[{"href":"https:\/\/www.autopujcovnapraha.cz\/de\/wp-json\/wp\/v2\/media?parent=1004"}],"curies":[{"name":"wp","href":"https:\/\/api.w.org\/{rel}","templated":true}]}}